{"id":41734,"date":"2025-06-19T09:47:21","date_gmt":"2025-06-19T09:47:21","guid":{"rendered":"https:\/\/leiklist.is\/?post_type=product&#038;p=41734"},"modified":"2026-02-12T09:19:18","modified_gmt":"2026-02-12T09:19:18","slug":"harkollustandur-med-festingu","status":"publish","type":"product","link":"https:\/\/staging.devseye.com\/en\/product\/harkollustandur-med-festingu\/","title":{"rendered":"H\u00e1rkollustandur me\u00f0 festingu"},"content":{"rendered":"<p>H\u00e1rkollustandur me\u00f0 festingu fyrir t.d. bor\u00f0pl\u00f6tu e\u00f0a hillu.<\/p>\n<p><span style=\"color: #ffffff;\">H\u00e1rkollustandar \u00a0H\u00e1rkolla \u00a0H\u00e1rkollur Kollur<\/span><\/p>","protected":false},"excerpt":{"rendered":"<p>H\u00e1rkollustandur me\u00f0 festingu fyrir t.d. bor\u00f0pl\u00f6tu e\u00f0a hillu. H\u00e1rkollustandar \u00a0H\u00e1rkolla \u00a0H\u00e1rkollur Kollur<\/p>","protected":false},"featured_media":41739,"template":"","meta":[],"product_brand":[],"product_cat":[82],"product_tag":[269],"class_list":{"0":"post-41734","1":"product","2":"type-product","3":"status-publish","4":"has-post-thumbnail","6":"product_cat-ymislegt","7":"product_tag-harkollur","9":"first","10":"instock","11":"taxable","12":"shipping-taxable","13":"purchasable","14":"product-type-simple"},"_links":{"self":[{"href":"https:\/\/staging.devseye.com\/en\/wp-json\/wp\/v2\/product\/41734","targetHints":{"allow":["GET"]}}],"collection":[{"href":"https:\/\/staging.devseye.com\/en\/wp-json\/wp\/v2\/product"}],"about":[{"href":"https:\/\/staging.devseye.com\/en\/wp-json\/wp\/v2\/types\/product"}],"wp:featuredmedia":[{"embeddable":true,"href":"https:\/\/staging.devseye.com\/en\/wp-json\/wp\/v2\/media\/41739"}],"wp:attachment":[{"href":"https:\/\/staging.devseye.com\/en\/wp-json\/wp\/v2\/media?parent=41734"}],"wp:term":[{"taxonomy":"product_brand","embeddable":true,"href":"https:\/\/staging.devseye.com\/en\/wp-json\/wp\/v2\/product_brand?post=41734"},{"taxonomy":"product_cat","embeddable":true,"href":"https:\/\/staging.devseye.com\/en\/wp-json\/wp\/v2\/product_cat?post=41734"},{"taxonomy":"product_tag","embeddable":true,"href":"https:\/\/staging.devseye.com\/en\/wp-json\/wp\/v2\/product_tag?post=41734"}],"curies":[{"name":"wp","href":"https:\/\/api.w.org\/{rel}","templated":true}]}}