{"id":40813,"date":"2024-12-09T10:09:46","date_gmt":"2024-12-09T10:09:46","guid":{"rendered":"https:\/\/leiklist.is\/?post_type=product&#038;p=40813"},"modified":"2024-12-09T10:16:21","modified_gmt":"2024-12-09T10:16:21","slug":"glitpudursett-sparkling-powder-set","status":"publish","type":"product","link":"https:\/\/staging.devseye.com\/en\/product\/glitpudursett-sparkling-powder-set\/","title":{"rendered":"Glitp\u00fa\u00f0ursett &#8211; Sparkling Powder Set"},"content":{"rendered":"<p>Sett af sni\u00f0m\u00e1tum me\u00f0 glitp\u00fa\u00f0ri og l\u00edmi (Body glue). Princess, Aqua, Sport\/Space\/Dino\/Hero.<\/p>\n<p><span class=\"line\"><strong>Grimas Sparkling Powder<\/strong> er f\u00ednkorna, afar litr\u00edkt p\u00fa\u00f0ur sem glitrar. \u00dea\u00f0 er \u00e1n plasts og \u00fev\u00ed betra fyrir umhverfi\u00f0. H\u00e6gt er a\u00f0 nota \u00fea\u00f0 til a\u00f0 l\u00edfga upp \u00e1 hef\u00f0bundna f\u00f6r\u00f0un en einnig til a\u00f0 gera heillandi glimmertatt\u00fa. H\u00e6gt a\u00f0 f\u00e1 \u00ed m\u00f6rgum litum og m\u00e1 blanda saman.\u00a0<\/span><\/p>\n<p><em><strong>Af s\u00ed\u00f0u framlei\u00f0anda:<\/strong><\/em><br \/>\nGrimas Sparkling Powder is a fine, highly pigmented powder with a subtle shimmer.<\/p>\n<div class=\"\">It&#8217;s plastic-free and a great alternative to plastic glitters. You can create fantastic beauty make-ups with it, but Sparkling Powder is also used for making glitter tattoos. Grimas Body Glue is a strong and long-lasting skin glue, suitable for many purposes. Body Glue is waterproof and does not contain alcohol or latex.<\/div>\n<div class=\"\">\n<strong><span class=\"bline\"><em>Removal<\/em> <\/span><\/strong><br \/>\n<span class=\"br\">Remove Sparkling Powder with lukewarm water and soap (you can also use shampoo). <\/span><span class=\"standaard\">Massage it in briefly and rinse off with lukewarm water. <\/span><br \/>\n<span class=\"br\">Do not use ready-to-use cleansing cloths.<\/span><\/div>\n<p><em><span class=\"bline\"><strong>Dermatological declaration<\/strong> <\/span><\/em><br \/>\n<span class=\"br\">In the dermatological declaration one can read the following: <\/span><br \/>\n<span class=\"br\">The products have been dermatologically tested for 24, 48 and 72 hours on 30 persons with healthy skin. <\/span><span class=\"standaard\">No irritation occurred. <\/span><span class=\"standaard\"><br \/>\n<\/span><\/p>","protected":false},"excerpt":{"rendered":"<p>Sett af sni\u00f0m\u00e1tum me\u00f0 glitp\u00fa\u00f0ri og l\u00edmi (Body glue). Princess, Aqua, Sport\/Space\/Dino\/Hero. Grimas Sparkling Powder er f\u00ednkorna, afar litr\u00edkt p\u00fa\u00f0ur sem glitrar. \u00dea\u00f0 er \u00e1n plasts og \u00fev\u00ed betra fyrir umhverfi\u00f0. H\u00e6gt er a\u00f0 nota \u00fea\u00f0 til a\u00f0 l\u00edfga upp \u00e1 hef\u00f0bundna f\u00f6r\u00f0un en einnig til a\u00f0 gera heillandi glimmertatt\u00fa. H\u00e6gt a\u00f0 f\u00e1 \u00ed m\u00f6rgum [&hellip;]<\/p>\n","protected":false},"featured_media":40815,"template":"","meta":[],"product_brand":[],"product_cat":[69,264,82],"product_tag":[],"class_list":{"0":"post-40813","1":"product","2":"type-product","3":"status-publish","4":"has-post-thumbnail","6":"product_cat-andlitslikamslitir","7":"product_cat-glimmer-skraut","8":"product_cat-ymislegt","10":"first","11":"outofstock","12":"taxable","13":"shipping-taxable","14":"purchasable","15":"product-type-variable"},"_links":{"self":[{"href":"https:\/\/staging.devseye.com\/en\/wp-json\/wp\/v2\/product\/40813","targetHints":{"allow":["GET"]}}],"collection":[{"href":"https:\/\/staging.devseye.com\/en\/wp-json\/wp\/v2\/product"}],"about":[{"href":"https:\/\/staging.devseye.com\/en\/wp-json\/wp\/v2\/types\/product"}],"wp:featuredmedia":[{"embeddable":true,"href":"https:\/\/staging.devseye.com\/en\/wp-json\/wp\/v2\/media\/40815"}],"wp:attachment":[{"href":"https:\/\/staging.devseye.com\/en\/wp-json\/wp\/v2\/media?parent=40813"}],"wp:term":[{"taxonomy":"product_brand","embeddable":true,"href":"https:\/\/staging.devseye.com\/en\/wp-json\/wp\/v2\/product_brand?post=40813"},{"taxonomy":"product_cat","embeddable":true,"href":"https:\/\/staging.devseye.com\/en\/wp-json\/wp\/v2\/product_cat?post=40813"},{"taxonomy":"product_tag","embeddable":true,"href":"https:\/\/staging.devseye.com\/en\/wp-json\/wp\/v2\/product_tag?post=40813"}],"curies":[{"name":"wp","href":"https:\/\/api.w.org\/{rel}","templated":true}]}}