{"id":39724,"date":"2024-02-16T10:06:51","date_gmt":"2024-02-16T10:06:51","guid":{"rendered":"https:\/\/leiklist.is\/?post_type=product&#038;p=39724"},"modified":"2024-11-29T14:26:52","modified_gmt":"2024-11-29T14:26:52","slug":"iskristallar-ice-crystals","status":"publish","type":"product","link":"https:\/\/staging.devseye.com\/en\/product\/iskristallar-ice-crystals\/","title":{"rendered":"\u00cdskristallar &#8211; Ice Crystals"},"content":{"rendered":"<p>Nota\u00f0 til a\u00f0 b\u00faa til snj\u00f3- og frosteffekta \u00e1 andlit. Br\u00e1\u00f0nar ekki.<br \/>\nH\u00e6gt a\u00f0 festa me\u00f0 t.d. <a href=\"https:\/\/leiklist.is\/product\/gf-qat-strong\/\">GF-QAT<\/a> geli.<\/p>\n<p>Fr\u00e1 framlei\u00f0anda:<br \/>\nIce Crystals in small &amp; large can be reliably fixed with the GF-QAT gel. For extra durability we recommend the use of Silicone Adhesive NEO (not included)<\/p>","protected":false},"excerpt":{"rendered":"<p>Nota\u00f0 til a\u00f0 b\u00faa til snj\u00f3- og frosteffekta \u00e1 andlit. Br\u00e1\u00f0nar ekki. H\u00e6gt a\u00f0 festa me\u00f0 t.d. GF-QAT geli. Fr\u00e1 framlei\u00f0anda: Ice Crystals in small &amp; large can be reliably fixed with the GF-QAT gel. For extra durability we recommend the use of Silicone Adhesive NEO (not included)<\/p>","protected":false},"featured_media":39725,"template":"","meta":[],"product_brand":[],"product_cat":[261],"product_tag":[],"class_list":{"0":"post-39724","1":"product","2":"type-product","3":"status-publish","4":"has-post-thumbnail","6":"product_cat-frost-and-snow","8":"first","9":"instock","10":"taxable","11":"shipping-taxable","12":"purchasable","13":"product-type-variable"},"_links":{"self":[{"href":"https:\/\/staging.devseye.com\/en\/wp-json\/wp\/v2\/product\/39724","targetHints":{"allow":["GET"]}}],"collection":[{"href":"https:\/\/staging.devseye.com\/en\/wp-json\/wp\/v2\/product"}],"about":[{"href":"https:\/\/staging.devseye.com\/en\/wp-json\/wp\/v2\/types\/product"}],"wp:featuredmedia":[{"embeddable":true,"href":"https:\/\/staging.devseye.com\/en\/wp-json\/wp\/v2\/media\/39725"}],"wp:attachment":[{"href":"https:\/\/staging.devseye.com\/en\/wp-json\/wp\/v2\/media?parent=39724"}],"wp:term":[{"taxonomy":"product_brand","embeddable":true,"href":"https:\/\/staging.devseye.com\/en\/wp-json\/wp\/v2\/product_brand?post=39724"},{"taxonomy":"product_cat","embeddable":true,"href":"https:\/\/staging.devseye.com\/en\/wp-json\/wp\/v2\/product_cat?post=39724"},{"taxonomy":"product_tag","embeddable":true,"href":"https:\/\/staging.devseye.com\/en\/wp-json\/wp\/v2\/product_tag?post=39724"}],"curies":[{"name":"wp","href":"https:\/\/api.w.org\/{rel}","templated":true}]}}