{"id":39697,"date":"2024-02-13T16:05:47","date_gmt":"2024-02-13T16:05:47","guid":{"rendered":"https:\/\/leiklist.is\/?post_type=product&#038;p=39697"},"modified":"2025-06-04T10:10:08","modified_gmt":"2025-06-04T10:10:08","slug":"gf-qat-strong","status":"publish","type":"product","link":"https:\/\/staging.devseye.com\/en\/product\/gf-qat-strong\/","title":{"rendered":"GF-QAT Strong"},"content":{"rendered":"<p>S\u00e9rlega sterkt gel til a\u00f0 undirb\u00faa h\u00e1r fyrir skallahettur e\u00f0a h\u00e1rkollur. M\u00e6lt me\u00f0 fyrir <a href=\"https:\/\/leiklist.is\/product\/glatzan-skallahetta\/\">Glatzan skalla<\/a>. Einnig h\u00e6gt a\u00f0 nota sem l\u00edm. Fjarl\u00e6gi\u00f0 me\u00f0 miklu heitu vatni og s\u00e1pu.<\/p>\n<p>GF-QAT 30 Strong is a tough, water-resistant, non-drying gel for restraining hair under bald caps and wigs. Can be used as an adhesive too. Remove with generous amounts of warm water and mild soap.<\/p>","protected":false},"excerpt":{"rendered":"<p>S\u00e9rlega sterkt gel til a\u00f0 undirb\u00faa h\u00e1r fyrir skallahettur e\u00f0a h\u00e1rkollur. M\u00e6lt me\u00f0 fyrir Glatzan skalla. Einnig h\u00e6gt a\u00f0 nota sem l\u00edm. Fjarl\u00e6gi\u00f0 me\u00f0 miklu heitu vatni og s\u00e1pu. GF-QAT 30 Strong is a tough, water-resistant, non-drying gel for restraining hair under bald caps and wigs. Can be used as an adhesive too. Remove with [&hellip;]<\/p>\n","protected":false},"featured_media":39703,"template":"","meta":[],"product_brand":[],"product_cat":[129,141],"product_tag":[75],"class_list":{"0":"post-39697","1":"product","2":"type-product","3":"status-publish","4":"has-post-thumbnail","6":"product_cat-harvorur","7":"product_cat-skallar-gervagerd","8":"product_tag-kryolan","10":"first","11":"instock","12":"taxable","13":"shipping-taxable","14":"purchasable","15":"product-type-variable"},"_links":{"self":[{"href":"https:\/\/staging.devseye.com\/en\/wp-json\/wp\/v2\/product\/39697","targetHints":{"allow":["GET"]}}],"collection":[{"href":"https:\/\/staging.devseye.com\/en\/wp-json\/wp\/v2\/product"}],"about":[{"href":"https:\/\/staging.devseye.com\/en\/wp-json\/wp\/v2\/types\/product"}],"wp:featuredmedia":[{"embeddable":true,"href":"https:\/\/staging.devseye.com\/en\/wp-json\/wp\/v2\/media\/39703"}],"wp:attachment":[{"href":"https:\/\/staging.devseye.com\/en\/wp-json\/wp\/v2\/media?parent=39697"}],"wp:term":[{"taxonomy":"product_brand","embeddable":true,"href":"https:\/\/staging.devseye.com\/en\/wp-json\/wp\/v2\/product_brand?post=39697"},{"taxonomy":"product_cat","embeddable":true,"href":"https:\/\/staging.devseye.com\/en\/wp-json\/wp\/v2\/product_cat?post=39697"},{"taxonomy":"product_tag","embeddable":true,"href":"https:\/\/staging.devseye.com\/en\/wp-json\/wp\/v2\/product_tag?post=39697"}],"curies":[{"name":"wp","href":"https:\/\/api.w.org\/{rel}","templated":true}]}}