{"id":38886,"date":"2023-05-16T15:38:49","date_gmt":"2023-05-16T15:38:49","guid":{"rendered":"https:\/\/leiklist.is\/?post_type=product&#038;p=38886"},"modified":"2025-11-12T09:21:03","modified_gmt":"2025-11-12T09:21:03","slug":"rubber-mask-grease","status":"publish","type":"product","link":"https:\/\/staging.devseye.com\/en\/product\/rubber-mask-grease\/","title":{"rendered":"Rubber Mask Grease fyrir latex fr\u00e1 Kryolan 30ml"},"content":{"rendered":"<p>Far\u00f0i fyrir latex. Hentar s\u00e9rlega vel til a\u00f0 far\u00f0a latexeyru, latexnef, latexskalla o.sfrv.<\/p>\n<p>Af s\u00ed\u00f0u framlei\u00f0andans:<br \/>\n<em>Rubber Mask Grease is a grease-based product with exceptional opacity and adherence. It is best used for coloring latex pieces like artificial noses, chin pieces, casualty simulations or rubber bald caps. To apply the product evenly a sponge is moistened with a little alcohol (e.g. Spirit Gum Remover and Thinner). This way Rubber Mask Grease allows a smooth, easy, and even thin application. Just like other grease-based make-up the Rubber Mask Grease should be fixed by using Translucent Powder.<\/em><\/p>","protected":false},"excerpt":{"rendered":"<p>Far\u00f0i fyrir latex. Hentar s\u00e9rlega vel til a\u00f0 far\u00f0a latexeyru, latexnef, latexskalla o.sfrv. Af s\u00ed\u00f0u framlei\u00f0andans: Rubber Mask Grease is a grease-based product with exceptional opacity and adherence. It is best used for coloring latex pieces like artificial noses, chin pieces, casualty simulations or rubber bald caps. To apply the product evenly a sponge is [&hellip;]<\/p>\n","protected":false},"featured_media":38895,"template":"","meta":[],"product_brand":[],"product_cat":[126,69,144,250,127],"product_tag":[75],"class_list":{"0":"post-38886","1":"product","2":"type-product","3":"status-publish","4":"has-post-thumbnail","6":"product_cat-andlits-likamslitir","7":"product_cat-andlitslikamslitir","8":"product_cat-annad-fordun","9":"product_cat-likamshlutar","10":"product_cat-make-up","11":"product_tag-kryolan","13":"first","14":"instock","15":"taxable","16":"shipping-taxable","17":"purchasable","18":"product-type-variable"},"_links":{"self":[{"href":"https:\/\/staging.devseye.com\/en\/wp-json\/wp\/v2\/product\/38886","targetHints":{"allow":["GET"]}}],"collection":[{"href":"https:\/\/staging.devseye.com\/en\/wp-json\/wp\/v2\/product"}],"about":[{"href":"https:\/\/staging.devseye.com\/en\/wp-json\/wp\/v2\/types\/product"}],"wp:featuredmedia":[{"embeddable":true,"href":"https:\/\/staging.devseye.com\/en\/wp-json\/wp\/v2\/media\/38895"}],"wp:attachment":[{"href":"https:\/\/staging.devseye.com\/en\/wp-json\/wp\/v2\/media?parent=38886"}],"wp:term":[{"taxonomy":"product_brand","embeddable":true,"href":"https:\/\/staging.devseye.com\/en\/wp-json\/wp\/v2\/product_brand?post=38886"},{"taxonomy":"product_cat","embeddable":true,"href":"https:\/\/staging.devseye.com\/en\/wp-json\/wp\/v2\/product_cat?post=38886"},{"taxonomy":"product_tag","embeddable":true,"href":"https:\/\/staging.devseye.com\/en\/wp-json\/wp\/v2\/product_tag?post=38886"}],"curies":[{"name":"wp","href":"https:\/\/api.w.org\/{rel}","templated":true}]}}