{"id":38486,"date":"2023-02-08T11:04:22","date_gmt":"2023-02-08T11:04:22","guid":{"rendered":"https:\/\/leiklist.is\/?post_type=product&#038;p=38486"},"modified":"2026-01-20T11:40:32","modified_gmt":"2026-01-20T11:40:32","slug":"ice-effect-kit-fra-kryolan","status":"publish","type":"product","link":"https:\/\/staging.devseye.com\/en\/product\/ice-effect-kit-fra-kryolan\/","title":{"rendered":"Ice Effect Kit fr\u00e1 Kryolan"},"content":{"rendered":"<p>Sett fr\u00e1 Kryolan til a\u00f0 b\u00faa til \u00eds og snj\u00f3effekta. Sj\u00e1 myndband a\u00f0 ne\u00f0an.<\/p>\n<div style=\"padding: 56.25% 0 0 0; position: relative;\"><iframe style=\"position: absolute; top: 0; left: 0; width: 100%; height: 100%;\" title=\"Kryolan - Ice Effects.mp4\" src=\"https:\/\/player.vimeo.com\/video\/796925035?h=85d108167c&amp;badge=0&amp;autopause=0&amp;player_id=0&amp;app_id=58479\" frameborder=\"0\" allowfullscreen=\"allowfullscreen\"><\/iframe><\/div>\n<p><script src=\"https:\/\/player.vimeo.com\/api\/player.js\"><\/script><\/p>","protected":false},"excerpt":{"rendered":"<p>Sett fr\u00e1 Kryolan til a\u00f0 b\u00faa til \u00eds og snj\u00f3effekta. Sj\u00e1 myndband a\u00f0 ne\u00f0an.<\/p>","protected":false},"featured_media":38487,"template":"","meta":[],"product_brand":[],"product_cat":[100,82],"product_tag":[],"class_list":{"0":"post-38486","1":"product","2":"type-product","3":"status-publish","4":"has-post-thumbnail","6":"product_cat-gervagerd","7":"product_cat-ymislegt","9":"first","10":"instock","11":"taxable","12":"shipping-taxable","13":"purchasable","14":"product-type-simple"},"_links":{"self":[{"href":"https:\/\/staging.devseye.com\/en\/wp-json\/wp\/v2\/product\/38486","targetHints":{"allow":["GET"]}}],"collection":[{"href":"https:\/\/staging.devseye.com\/en\/wp-json\/wp\/v2\/product"}],"about":[{"href":"https:\/\/staging.devseye.com\/en\/wp-json\/wp\/v2\/types\/product"}],"wp:featuredmedia":[{"embeddable":true,"href":"https:\/\/staging.devseye.com\/en\/wp-json\/wp\/v2\/media\/38487"}],"wp:attachment":[{"href":"https:\/\/staging.devseye.com\/en\/wp-json\/wp\/v2\/media?parent=38486"}],"wp:term":[{"taxonomy":"product_brand","embeddable":true,"href":"https:\/\/staging.devseye.com\/en\/wp-json\/wp\/v2\/product_brand?post=38486"},{"taxonomy":"product_cat","embeddable":true,"href":"https:\/\/staging.devseye.com\/en\/wp-json\/wp\/v2\/product_cat?post=38486"},{"taxonomy":"product_tag","embeddable":true,"href":"https:\/\/staging.devseye.com\/en\/wp-json\/wp\/v2\/product_tag?post=38486"}],"curies":[{"name":"wp","href":"https:\/\/api.w.org\/{rel}","templated":true}]}}