{"id":36596,"date":"2021-08-27T15:33:58","date_gmt":"2021-08-27T15:33:58","guid":{"rendered":"https:\/\/leiklist.is\/?post_type=product&#038;p=36596"},"modified":"2025-11-18T09:40:46","modified_gmt":"2025-11-18T09:40:46","slug":"sarasett-grunnur","status":"publish","type":"product","link":"https:\/\/staging.devseye.com\/en\/product\/sarasett-grunnur\/","title":{"rendered":"S\u00e1rasett &#8211; 3 ger\u00f0ir"},"content":{"rendered":"<p>Sett til a\u00f0 b\u00faa til s\u00e1r. Inniheldur s\u00e1ravax, bl\u00f3\u00f0, gr\u00f3fan svamp og spa\u00f0a. Til \u00ed Basic, Complete og Extensive.<\/p>\n<div style=\"padding: 56.4% 0 0 0; position: relative;\"><iframe style=\"position: absolute; top: 0; left: 0; width: 100%; height: 100%;\" title=\"intro_scarwax_webshop\" src=\"https:\/\/player.vimeo.com\/video\/594683024?badge=0&amp;autopause=0&amp;player_id=0&amp;app_id=58479&amp;h=4c1c7ea650\" frameborder=\"0\" allowfullscreen=\"allowfullscreen\"><\/iframe><\/div>\n<p><script src=\"https:\/\/player.vimeo.com\/api\/player.js\"><\/script><\/p>","protected":false},"excerpt":{"rendered":"<p>Sett til a\u00f0 b\u00faa til s\u00e1r. Inniheldur s\u00e1ravax, bl\u00f3\u00f0, gr\u00f3fan svamp og spa\u00f0a. Til \u00ed Basic, Complete og Extensive.<\/p>","protected":false},"featured_media":36601,"template":"","meta":[],"product_brand":[],"product_cat":[247,243],"product_tag":[],"class_list":{"0":"post-36596","1":"product","2":"type-product","3":"status-publish","4":"has-post-thumbnail","6":"product_cat-sar","7":"product_cat-sfx","9":"first","10":"instock","11":"taxable","12":"shipping-taxable","13":"purchasable","14":"product-type-variable"},"_links":{"self":[{"href":"https:\/\/staging.devseye.com\/en\/wp-json\/wp\/v2\/product\/36596","targetHints":{"allow":["GET"]}}],"collection":[{"href":"https:\/\/staging.devseye.com\/en\/wp-json\/wp\/v2\/product"}],"about":[{"href":"https:\/\/staging.devseye.com\/en\/wp-json\/wp\/v2\/types\/product"}],"wp:featuredmedia":[{"embeddable":true,"href":"https:\/\/staging.devseye.com\/en\/wp-json\/wp\/v2\/media\/36601"}],"wp:attachment":[{"href":"https:\/\/staging.devseye.com\/en\/wp-json\/wp\/v2\/media?parent=36596"}],"wp:term":[{"taxonomy":"product_brand","embeddable":true,"href":"https:\/\/staging.devseye.com\/en\/wp-json\/wp\/v2\/product_brand?post=36596"},{"taxonomy":"product_cat","embeddable":true,"href":"https:\/\/staging.devseye.com\/en\/wp-json\/wp\/v2\/product_cat?post=36596"},{"taxonomy":"product_tag","embeddable":true,"href":"https:\/\/staging.devseye.com\/en\/wp-json\/wp\/v2\/product_tag?post=36596"}],"curies":[{"name":"wp","href":"https:\/\/api.w.org\/{rel}","templated":true}]}}