{"id":35492,"date":"2021-02-04T12:54:58","date_gmt":"2021-02-04T12:54:58","guid":{"rendered":"https:\/\/leiklist.is\/?post_type=product&#038;p=35492"},"modified":"2024-02-23T09:26:28","modified_gmt":"2024-02-23T09:26:28","slug":"steampunk-clown-kit","status":"publish","type":"product","link":"https:\/\/staging.devseye.com\/en\/product\/steampunk-clown-kit\/","title":{"rendered":"Steampunk Clown Kit"},"content":{"rendered":"<p>Sett me\u00f0 \u00f6llu sem \u00fearf til a\u00f0 far\u00f0a \u201cSteam Punk Clown\u201d eins og s\u00e9st \u00e1 myndinni.<br \/>\n\u00cd settinu er:<\/p>\n<ul>\n<li>1 Show Blood 10 ml<\/li>\n<li>1 Blusher 2.5 g<\/li>\n<li>5 Aquacolor 3.5 ml<\/li>\n<li>2 Round Make-up Sponges<\/li>\n<li>1 Torey Flat Brush 4<\/li>\n<li>1 Torey Flat Brush 12<\/li>\n<\/ul>","protected":false},"excerpt":{"rendered":"<p>Sett me\u00f0 \u00f6llu sem \u00fearf til a\u00f0 far\u00f0a \u201cSteam Punk Clown\u201d eins og s\u00e9st \u00e1 myndinni. \u00cd settinu er: 1 Show Blood 10 ml 1 Blusher 2.5 g 5 Aquacolor 3.5 ml 2 Round Make-up Sponges 1 Torey Flat Brush 4 1 Torey Flat Brush 12<\/p>","protected":false},"featured_media":35494,"template":"","meta":[],"product_brand":[],"product_cat":[126,245,73],"product_tag":[262],"class_list":{"0":"post-35492","1":"product","2":"type-product","3":"status-publish","4":"has-post-thumbnail","6":"product_cat-andlits-likamslitir","7":"product_cat-sett","8":"product_cat-fardi","9":"product_tag-kryolan-halloween-hrekkjavaka-cosplay","11":"first","12":"instock","13":"taxable","14":"shipping-taxable","15":"purchasable","16":"product-type-simple"},"_links":{"self":[{"href":"https:\/\/staging.devseye.com\/en\/wp-json\/wp\/v2\/product\/35492","targetHints":{"allow":["GET"]}}],"collection":[{"href":"https:\/\/staging.devseye.com\/en\/wp-json\/wp\/v2\/product"}],"about":[{"href":"https:\/\/staging.devseye.com\/en\/wp-json\/wp\/v2\/types\/product"}],"wp:featuredmedia":[{"embeddable":true,"href":"https:\/\/staging.devseye.com\/en\/wp-json\/wp\/v2\/media\/35494"}],"wp:attachment":[{"href":"https:\/\/staging.devseye.com\/en\/wp-json\/wp\/v2\/media?parent=35492"}],"wp:term":[{"taxonomy":"product_brand","embeddable":true,"href":"https:\/\/staging.devseye.com\/en\/wp-json\/wp\/v2\/product_brand?post=35492"},{"taxonomy":"product_cat","embeddable":true,"href":"https:\/\/staging.devseye.com\/en\/wp-json\/wp\/v2\/product_cat?post=35492"},{"taxonomy":"product_tag","embeddable":true,"href":"https:\/\/staging.devseye.com\/en\/wp-json\/wp\/v2\/product_tag?post=35492"}],"curies":[{"name":"wp","href":"https:\/\/api.w.org\/{rel}","templated":true}]}}