{"id":34754,"date":"2020-09-08T14:02:24","date_gmt":"2020-09-08T14:02:24","guid":{"rendered":"https:\/\/leiklist.is\/?post_type=product&#038;p=34754"},"modified":"2024-12-02T11:01:21","modified_gmt":"2024-12-02T11:01:21","slug":"sugar-skull-kit","status":"publish","type":"product","link":"https:\/\/staging.devseye.com\/en\/product\/sugar-skull-kit\/","title":{"rendered":"Sugar Skull Kit"},"content":{"rendered":"<p>Sett me\u00f0 \u00f6llu sem \u00fearf til a\u00f0 far\u00f0a &#8222;sykurhausk\u00fapu&#8220; eins og s\u00e9st \u00e1 myndinni:<\/p>\n<ul>\n<li>2 f\u00f6r\u00f0unarpenslar<\/li>\n<li>3 Aquacolor 8 ml<\/li>\n<li>Skrautsteinar<\/li>\n<li>Supracolor Clown White 30 g<\/li>\n<li>2 Multi Gel Glimmer 10 ml<\/li>\n<li>Translucent p\u00fa\u00f0ur 20 g<\/li>\n<li>P\u00fa\u00f0urkvasti<\/li>\n<li>F\u00f6r\u00f0unarsvampur<\/li>\n<li>F\u00f6r\u00f0unarpoki<\/li>\n<\/ul>\n<p>&nbsp;<\/p>","protected":false},"excerpt":{"rendered":"<p>Sett me\u00f0 \u00f6llu sem \u00fearf til a\u00f0 far\u00f0a &#8222;sykurhausk\u00fapu&#8220; eins og s\u00e9st \u00e1 myndinni: 2 f\u00f6r\u00f0unarpenslar 3 Aquacolor 8 ml Skrautsteinar Supracolor Clown White 30 g 2 Multi Gel Glimmer 10 ml Translucent p\u00fa\u00f0ur 20 g P\u00fa\u00f0urkvasti F\u00f6r\u00f0unarsvampur F\u00f6r\u00f0unarpoki &nbsp;<\/p>","protected":false},"featured_media":34755,"template":"","meta":[],"product_brand":[],"product_cat":[126,73],"product_tag":[262],"class_list":{"0":"post-34754","1":"product","2":"type-product","3":"status-publish","4":"has-post-thumbnail","6":"product_cat-andlits-likamslitir","7":"product_cat-fardi","8":"product_tag-kryolan-halloween-hrekkjavaka-cosplay","10":"first","11":"instock","12":"featured","13":"taxable","14":"shipping-taxable","15":"purchasable","16":"product-type-simple"},"_links":{"self":[{"href":"https:\/\/staging.devseye.com\/en\/wp-json\/wp\/v2\/product\/34754","targetHints":{"allow":["GET"]}}],"collection":[{"href":"https:\/\/staging.devseye.com\/en\/wp-json\/wp\/v2\/product"}],"about":[{"href":"https:\/\/staging.devseye.com\/en\/wp-json\/wp\/v2\/types\/product"}],"wp:featuredmedia":[{"embeddable":true,"href":"https:\/\/staging.devseye.com\/en\/wp-json\/wp\/v2\/media\/34755"}],"wp:attachment":[{"href":"https:\/\/staging.devseye.com\/en\/wp-json\/wp\/v2\/media?parent=34754"}],"wp:term":[{"taxonomy":"product_brand","embeddable":true,"href":"https:\/\/staging.devseye.com\/en\/wp-json\/wp\/v2\/product_brand?post=34754"},{"taxonomy":"product_cat","embeddable":true,"href":"https:\/\/staging.devseye.com\/en\/wp-json\/wp\/v2\/product_cat?post=34754"},{"taxonomy":"product_tag","embeddable":true,"href":"https:\/\/staging.devseye.com\/en\/wp-json\/wp\/v2\/product_tag?post=34754"}],"curies":[{"name":"wp","href":"https:\/\/api.w.org\/{rel}","templated":true}]}}