{"id":15824,"date":"2020-02-24T20:01:09","date_gmt":"2020-02-24T20:01:09","guid":{"rendered":"http:\/\/leiklist.websitetest.site\/product\/import-placeholder-for-6260\/"},"modified":"2025-11-18T09:39:17","modified_gmt":"2025-11-18T09:39:17","slug":"skeggbroddasvampur-2-grofleikar","status":"publish","type":"product","link":"https:\/\/staging.devseye.com\/en\/product\/skeggbroddasvampur-2-grofleikar\/","title":{"rendered":"Skeggsvampur, 2 gr\u00f3fleikar"},"content":{"rendered":"<p>Skeggsvampur,\u00a02 gr\u00f3fleikar. Einnig gott til a\u00f0 vinna me\u00f0 s\u00e1r og h\u00fa\u00f0l\u00fdti.<\/p>","protected":false},"excerpt":{"rendered":"<p>Skeggsvampur,\u00a02 gr\u00f3fleikar. Einnig gott til a\u00f0 vinna me\u00f0 s\u00e1r og h\u00fa\u00f0l\u00fdti.<\/p>","protected":false},"featured_media":15885,"template":"","meta":[],"product_brand":[],"product_cat":[139],"product_tag":[70],"class_list":{"0":"post-15824","1":"product","2":"type-product","3":"status-publish","4":"has-post-thumbnail","6":"product_cat-svampar-ahold","7":"product_tag-grimas","9":"first","10":"instock","11":"taxable","12":"shipping-taxable","13":"purchasable","14":"product-type-variable"},"_links":{"self":[{"href":"https:\/\/staging.devseye.com\/en\/wp-json\/wp\/v2\/product\/15824","targetHints":{"allow":["GET"]}}],"collection":[{"href":"https:\/\/staging.devseye.com\/en\/wp-json\/wp\/v2\/product"}],"about":[{"href":"https:\/\/staging.devseye.com\/en\/wp-json\/wp\/v2\/types\/product"}],"wp:featuredmedia":[{"embeddable":true,"href":"https:\/\/staging.devseye.com\/en\/wp-json\/wp\/v2\/media\/15885"}],"wp:attachment":[{"href":"https:\/\/staging.devseye.com\/en\/wp-json\/wp\/v2\/media?parent=15824"}],"wp:term":[{"taxonomy":"product_brand","embeddable":true,"href":"https:\/\/staging.devseye.com\/en\/wp-json\/wp\/v2\/product_brand?post=15824"},{"taxonomy":"product_cat","embeddable":true,"href":"https:\/\/staging.devseye.com\/en\/wp-json\/wp\/v2\/product_cat?post=15824"},{"taxonomy":"product_tag","embeddable":true,"href":"https:\/\/staging.devseye.com\/en\/wp-json\/wp\/v2\/product_tag?post=15824"}],"curies":[{"name":"wp","href":"https:\/\/api.w.org\/{rel}","templated":true}]}}