{"id":15803,"date":"2020-02-24T20:00:46","date_gmt":"2020-02-24T20:00:46","guid":{"rendered":"http:\/\/leiklist.websitetest.site\/product\/import-placeholder-for-6249\/"},"modified":"2025-03-23T12:05:39","modified_gmt":"2025-03-23T12:05:39","slug":"pudurkvastar","status":"publish","type":"product","link":"https:\/\/staging.devseye.com\/en\/product\/pudurkvastar\/","title":{"rendered":"P\u00fa\u00f0urkvastar"},"content":{"rendered":"<p><samp>P\u00fa\u00f0urkvastar \u00ed tveimur st\u00e6r\u00f0um, 5 e\u00f0a 10 cm \u00ed \u00feverm\u00e1l.<\/samp><\/p>","protected":false},"excerpt":{"rendered":"<p>P\u00fa\u00f0urkvastar \u00ed tveimur st\u00e6r\u00f0um, 5 e\u00f0a 10 cm \u00ed \u00feverm\u00e1l.<\/p>","protected":false},"featured_media":37902,"template":"","meta":[],"product_brand":[],"product_cat":[143],"product_tag":[],"class_list":{"0":"post-15803","1":"product","2":"type-product","3":"status-publish","4":"has-post-thumbnail","6":"product_cat-kvastar-ahold","8":"first","9":"instock","10":"taxable","11":"shipping-taxable","12":"purchasable","13":"product-type-variable"},"_links":{"self":[{"href":"https:\/\/staging.devseye.com\/en\/wp-json\/wp\/v2\/product\/15803","targetHints":{"allow":["GET"]}}],"collection":[{"href":"https:\/\/staging.devseye.com\/en\/wp-json\/wp\/v2\/product"}],"about":[{"href":"https:\/\/staging.devseye.com\/en\/wp-json\/wp\/v2\/types\/product"}],"wp:featuredmedia":[{"embeddable":true,"href":"https:\/\/staging.devseye.com\/en\/wp-json\/wp\/v2\/media\/37902"}],"wp:attachment":[{"href":"https:\/\/staging.devseye.com\/en\/wp-json\/wp\/v2\/media?parent=15803"}],"wp:term":[{"taxonomy":"product_brand","embeddable":true,"href":"https:\/\/staging.devseye.com\/en\/wp-json\/wp\/v2\/product_brand?post=15803"},{"taxonomy":"product_cat","embeddable":true,"href":"https:\/\/staging.devseye.com\/en\/wp-json\/wp\/v2\/product_cat?post=15803"},{"taxonomy":"product_tag","embeddable":true,"href":"https:\/\/staging.devseye.com\/en\/wp-json\/wp\/v2\/product_tag?post=15803"}],"curies":[{"name":"wp","href":"https:\/\/api.w.org\/{rel}","templated":true}]}}