{"id":15800,"date":"2020-02-24T20:00:45","date_gmt":"2020-02-24T20:00:45","guid":{"rendered":"http:\/\/leiklist.websitetest.site\/product\/import-placeholder-for-6244\/"},"modified":"2024-11-13T10:59:42","modified_gmt":"2024-11-13T10:59:42","slug":"penslar-uxahar","status":"publish","type":"product","link":"https:\/\/staging.devseye.com\/en\/product\/penslar-uxahar\/","title":{"rendered":"Penslar, uxah\u00e1r"},"content":{"rendered":"<p class=\"p1\"><em>Penslar \u00far uxah\u00e1rum.<\/em>\u00a0Henta vel \u00ed Grimas vatnslitina.<br \/>\nBest er a\u00f0 hreinsa penslana me\u00f0 vatni og hands\u00e1pu e\u00f0a sjamp\u00f3i og leggja \u00fe\u00e1 s\u00ed\u00f0an til \u00feerris.<br \/>\nN\u00e1nari uppl\u00fdsingar <a href=\"https:\/\/www.grimas.nl\/website\/web2\/index.php?onderwerp=000402aa\">https:\/\/www.grimas.nl\/website\/web2\/index.php?onderwerp=000402aa<\/a><br \/>\nKoma \u00ed 5 st\u00e6r\u00f0um; 2, 4, 6, 8, 10, 14 og 20 mm. brei\u00f0ir.\u00a0Ver\u00f0 \u00ed s\u00f6mu r\u00f6\u00f0; 445.-, 494.-, 618.-, 741.-, 889.-, 1.360.-, og 2.720.-<a href=\"https:\/\/leiklist.is\/wp-content\/uploads\/2015\/05\/Pensill_raudur_20.png\" rel=\"attachment wp-att-7242\"><br \/>\n<\/a><\/p>\n<p>Hreinsun:<br \/>\nH\u00e6gt er a\u00f0 \u00fevo uxah\u00e1rspensla me\u00f0 vatni og s\u00e1pu. Fyrir s\u00e9rstaklega g\u00f3\u00f0a hreinsun: Nuddi\u00f0 h\u00e1rin vel me\u00f0\u00a0<span class=\"standaard\">Grimas Hygienic Gel \u00feannig a\u00f0 berist einnig vel \u00ed innri h\u00e1rin. Eftir hreinsun me\u00f0 Grimas Hygienic Gel m\u00f3ti\u00f0 h\u00e1rin \u00ed r\u00e9tt form og l\u00e1ti\u00f0 \u00feorna \u00e1 handkl\u00e6\u00f0i. Ekki skilja penslana eftir uppr\u00e9tta til a\u00f0 \u00feorna \u00fev\u00ed \u00fe\u00e1 sm\u00fdgur vatn inn \u00ed skafti\u00f0. \u00a0Ekki skilja penslana eftir \u00ed vatni \u00ed langan t\u00edma \u00fear sem \u00fea\u00f0 er ekki gott fyrir h\u00e1rin.\u00a0<\/span><\/p>","protected":false},"excerpt":{"rendered":"<p>Penslar \u00far uxah\u00e1rum.\u00a0Henta vel \u00ed Grimas vatnslitina. Best er a\u00f0 hreinsa penslana me\u00f0 vatni og hands\u00e1pu e\u00f0a sjamp\u00f3i og leggja \u00fe\u00e1 s\u00ed\u00f0an til \u00feerris. N\u00e1nari uppl\u00fdsingar https:\/\/www.grimas.nl\/website\/web2\/index.php?onderwerp=000402aa Koma \u00ed 5 st\u00e6r\u00f0um; 2, 4, 6, 8, 10, 14 og 20 mm. brei\u00f0ir.\u00a0Ver\u00f0 \u00ed s\u00f6mu r\u00f6\u00f0; 445.-, 494.-, 618.-, 741.-, 889.-, 1.360.-, og 2.720.- Hreinsun: H\u00e6gt er [&hellip;]<\/p>\n","protected":false},"featured_media":15865,"template":"","meta":[],"product_brand":[],"product_cat":[140],"product_tag":[70],"class_list":{"0":"post-15800","1":"product","2":"type-product","3":"status-publish","4":"has-post-thumbnail","6":"product_cat-penslar-ahold","7":"product_tag-grimas","9":"first","10":"instock","11":"taxable","12":"shipping-taxable","13":"purchasable","14":"product-type-variable"},"_links":{"self":[{"href":"https:\/\/staging.devseye.com\/en\/wp-json\/wp\/v2\/product\/15800","targetHints":{"allow":["GET"]}}],"collection":[{"href":"https:\/\/staging.devseye.com\/en\/wp-json\/wp\/v2\/product"}],"about":[{"href":"https:\/\/staging.devseye.com\/en\/wp-json\/wp\/v2\/types\/product"}],"wp:featuredmedia":[{"embeddable":true,"href":"https:\/\/staging.devseye.com\/en\/wp-json\/wp\/v2\/media\/15865"}],"wp:attachment":[{"href":"https:\/\/staging.devseye.com\/en\/wp-json\/wp\/v2\/media?parent=15800"}],"wp:term":[{"taxonomy":"product_brand","embeddable":true,"href":"https:\/\/staging.devseye.com\/en\/wp-json\/wp\/v2\/product_brand?post=15800"},{"taxonomy":"product_cat","embeddable":true,"href":"https:\/\/staging.devseye.com\/en\/wp-json\/wp\/v2\/product_cat?post=15800"},{"taxonomy":"product_tag","embeddable":true,"href":"https:\/\/staging.devseye.com\/en\/wp-json\/wp\/v2\/product_tag?post=15800"}],"curies":[{"name":"wp","href":"https:\/\/api.w.org\/{rel}","templated":true}]}}