{"id":15781,"date":"2020-02-24T20:00:20","date_gmt":"2020-02-24T20:00:20","guid":{"rendered":"http:\/\/leiklist.websitetest.site\/product\/import-placeholder-for-6170\/"},"modified":"2024-11-18T08:35:31","modified_gmt":"2024-11-18T08:35:31","slug":"cine-wax","status":"publish","type":"product","link":"https:\/\/staging.devseye.com\/en\/product\/cine-wax\/","title":{"rendered":"Cine-Wax"},"content":{"rendered":"<p>Cine-Wax.\u00a0F\u00e6st \u00ed <strong>Neutral<\/strong> (sem er n\u00e6r gegns\u00e6tt) e\u00f0a <strong>Fair<\/strong> sem er lj\u00f3s h\u00fa\u00f0litur. (Taka fram \u00ed <em>Athugasemd vi\u00f0 p\u00f6ntun<\/em>)<br \/>\n<a href=\"https:\/\/global.kryolan.com\/product\/cine-wax-10-g\">N\u00e1nari uppl\u00fdsingar<\/a>.<\/p>\n<p>Fr\u00e1 framlei\u00f0anda:<\/p>\n<p><em>Cine-Wax is a wax product for the design of small 3D effects. The ideal composition of natural and synthetic waxes, especially the 50% share of natural organic substances should be emphasized. This exceptional product supports the make-up artist in his work. Cine-Wax meets the high professional standards in film and television. Cine-Wax can be applied easily and allows making very fine, almost invisible transitions. The transparency of the material causes a natural make-up of the created effect. Creations made of Cine-Wax seem particularly authentic. Its good adherence makes the use of Mastix adhesive unnecessary. Its application and wearability is very comfortable for the model. Use a spatula to apply the desired amount of Cine-Wax onto the preferred skin area. Shape it and apply make-up. The product can be easily removed with a spatula.<\/em><\/p>","protected":false},"excerpt":{"rendered":"<p>Cine-Wax.\u00a0F\u00e6st \u00ed Neutral (sem er n\u00e6r gegns\u00e6tt) e\u00f0a Fair sem er lj\u00f3s h\u00fa\u00f0litur. (Taka fram \u00ed Athugasemd vi\u00f0 p\u00f6ntun) N\u00e1nari uppl\u00fdsingar. Fr\u00e1 framlei\u00f0anda: Cine-Wax is a wax product for the design of small 3D effects. The ideal composition of natural and synthetic waxes, especially the 50% share of natural organic substances should be emphasized. This [&hellip;]<\/p>\n","protected":false},"featured_media":15831,"template":"","meta":[],"product_brand":[],"product_cat":[124],"product_tag":[75],"class_list":{"0":"post-15781","1":"product","2":"type-product","3":"status-publish","4":"has-post-thumbnail","6":"product_cat-latex-vax-gervagerd","7":"product_tag-kryolan","9":"first","10":"instock","11":"taxable","12":"shipping-taxable","13":"purchasable","14":"product-type-variable"},"_links":{"self":[{"href":"https:\/\/staging.devseye.com\/en\/wp-json\/wp\/v2\/product\/15781","targetHints":{"allow":["GET"]}}],"collection":[{"href":"https:\/\/staging.devseye.com\/en\/wp-json\/wp\/v2\/product"}],"about":[{"href":"https:\/\/staging.devseye.com\/en\/wp-json\/wp\/v2\/types\/product"}],"wp:featuredmedia":[{"embeddable":true,"href":"https:\/\/staging.devseye.com\/en\/wp-json\/wp\/v2\/media\/15831"}],"wp:attachment":[{"href":"https:\/\/staging.devseye.com\/en\/wp-json\/wp\/v2\/media?parent=15781"}],"wp:term":[{"taxonomy":"product_brand","embeddable":true,"href":"https:\/\/staging.devseye.com\/en\/wp-json\/wp\/v2\/product_brand?post=15781"},{"taxonomy":"product_cat","embeddable":true,"href":"https:\/\/staging.devseye.com\/en\/wp-json\/wp\/v2\/product_cat?post=15781"},{"taxonomy":"product_tag","embeddable":true,"href":"https:\/\/staging.devseye.com\/en\/wp-json\/wp\/v2\/product_tag?post=15781"}],"curies":[{"name":"wp","href":"https:\/\/api.w.org\/{rel}","templated":true}]}}