{"id":15745,"date":"2020-02-24T19:59:30","date_gmt":"2020-02-24T19:59:30","guid":{"rendered":"http:\/\/leiklist.websitetest.site\/product\/import-placeholder-for-6055\/"},"modified":"2026-03-17T18:10:31","modified_gmt":"2026-03-17T18:10:31","slug":"skegglim-mastix-vatnsuppleysanlegt","status":"publish","type":"product","link":"https:\/\/staging.devseye.com\/en\/product\/skegglim-mastix-vatnsuppleysanlegt\/","title":{"rendered":"Mastix vatnsuppleysanlegt -Skeggl\u00edm"},"content":{"rendered":"<p class=\"p1\"><em>H\u00fa\u00f0l\u00edm \u2013 Mastix Watersoluble fr\u00e1 Grimas<\/em>.\u00a0Mastix Watersoluble er h\u00e6gt a\u00f0 fjarl\u00e6gja me\u00f0 vatni, \u00fea\u00f0 heldur ekki eins vel og extra l\u00edmi\u00f0 en hentar vel \u00fear sem minna reynir \u00e1. L\u00edmi\u00f0 er til \u00ed 10 og 100 ml fl\u00f6skum.<br \/>\n<a href=\"https:\/\/www.grimas.nl\/website\/web2\/index.php?onderwerp=000438aa\">Mastix Watersoluble, n\u00e1nari uppl\u00fdsingar og innihaldsl\u00fdsing<\/a><\/p>","protected":false},"excerpt":{"rendered":"<p>H\u00fa\u00f0l\u00edm \u2013 Mastix Watersoluble fr\u00e1 Grimas.\u00a0Mastix Watersoluble er h\u00e6gt a\u00f0 fjarl\u00e6gja me\u00f0 vatni, \u00fea\u00f0 heldur ekki eins vel og extra l\u00edmi\u00f0 en hentar vel \u00fear sem minna reynir \u00e1. L\u00edmi\u00f0 er til \u00ed 10 og 100 ml fl\u00f6skum. Mastix Watersoluble, n\u00e1nari uppl\u00fdsingar og innihaldsl\u00fdsing<\/p>","protected":false},"featured_media":15795,"template":"","meta":[],"product_brand":[],"product_cat":[136,133],"product_tag":[70],"class_list":{"0":"post-15745","1":"product","2":"type-product","3":"status-publish","4":"has-post-thumbnail","6":"product_cat-lim-gervagerd","7":"product_cat-skegg-harvorur","8":"product_tag-grimas","10":"first","11":"instock","12":"taxable","13":"shipping-taxable","14":"purchasable","15":"product-type-variable"},"_links":{"self":[{"href":"https:\/\/staging.devseye.com\/en\/wp-json\/wp\/v2\/product\/15745","targetHints":{"allow":["GET"]}}],"collection":[{"href":"https:\/\/staging.devseye.com\/en\/wp-json\/wp\/v2\/product"}],"about":[{"href":"https:\/\/staging.devseye.com\/en\/wp-json\/wp\/v2\/types\/product"}],"wp:featuredmedia":[{"embeddable":true,"href":"https:\/\/staging.devseye.com\/en\/wp-json\/wp\/v2\/media\/15795"}],"wp:attachment":[{"href":"https:\/\/staging.devseye.com\/en\/wp-json\/wp\/v2\/media?parent=15745"}],"wp:term":[{"taxonomy":"product_brand","embeddable":true,"href":"https:\/\/staging.devseye.com\/en\/wp-json\/wp\/v2\/product_brand?post=15745"},{"taxonomy":"product_cat","embeddable":true,"href":"https:\/\/staging.devseye.com\/en\/wp-json\/wp\/v2\/product_cat?post=15745"},{"taxonomy":"product_tag","embeddable":true,"href":"https:\/\/staging.devseye.com\/en\/wp-json\/wp\/v2\/product_tag?post=15745"}],"curies":[{"name":"wp","href":"https:\/\/api.w.org\/{rel}","templated":true}]}}