{"id":15678,"date":"2020-02-24T19:57:56","date_gmt":"2020-02-24T19:57:56","guid":{"rendered":"http:\/\/leiklist.websitetest.site\/product\/import-placeholder-for-6023\/"},"modified":"2026-04-17T08:52:07","modified_gmt":"2026-04-17T08:52:07","slug":"skallahettur-thunnar","status":"publish","type":"product","link":"https:\/\/staging.devseye.com\/en\/product\/skallahettur-thunnar\/","title":{"rendered":"Skallar fr\u00e1 Grimas"},"content":{"rendered":"<p class=\"p1\"><em>Latex skallahettur<\/em> eru vel teygjanlegar og nokku\u00f0 e\u00f0lilegar ef \u00fe\u00e6r eru vel settar \u00e1. Sn\u00ed\u00f0a \u00fearf hettuna til og l\u00edma ni\u00f0ur allan hringinn. Noti\u00f0 skeggl\u00edm, ekki vatnsuppleysanlegt. \u00deegar hettan er komin \u00e1 er h\u00fan f\u00f6r\u00f0u\u00f0 og p\u00fa\u00f0ru\u00f0 og a\u00f0 endingu f\u00f6r\u00f0u\u00f0 aftur me\u00f0 sama lit og nota\u00f0ur er \u00e1 andliti\u00f0. H\u00e6gt er a\u00f0 nota hettuna aftur og aftur ef h\u00fan er tekin varlega af og geymd \u00e1 gler- e\u00f0a plasthaus \u00e1 milli.<\/p>\n<p class=\"p1\">Sj\u00e1 notkun h\u00e9r:<\/p>\n<p><iframe src=\"https:\/\/player.vimeo.com\/video\/452514454\" width=\"640\" height=\"361\" frameborder=\"0\" allowfullscreen=\"allowfullscreen\"><\/iframe><\/p>","protected":false},"excerpt":{"rendered":"<p>Skallahetta, gerviskalli.<\/p>","protected":false},"featured_media":15772,"template":"","meta":[],"product_brand":[],"product_cat":[141],"product_tag":[70],"class_list":{"0":"post-15678","1":"product","2":"type-product","3":"status-publish","4":"has-post-thumbnail","6":"product_cat-skallar-gervagerd","7":"product_tag-grimas","9":"first","10":"outofstock","11":"taxable","12":"shipping-taxable","13":"purchasable","14":"product-type-simple"},"_links":{"self":[{"href":"https:\/\/staging.devseye.com\/en\/wp-json\/wp\/v2\/product\/15678","targetHints":{"allow":["GET"]}}],"collection":[{"href":"https:\/\/staging.devseye.com\/en\/wp-json\/wp\/v2\/product"}],"about":[{"href":"https:\/\/staging.devseye.com\/en\/wp-json\/wp\/v2\/types\/product"}],"wp:featuredmedia":[{"embeddable":true,"href":"https:\/\/staging.devseye.com\/en\/wp-json\/wp\/v2\/media\/15772"}],"wp:attachment":[{"href":"https:\/\/staging.devseye.com\/en\/wp-json\/wp\/v2\/media?parent=15678"}],"wp:term":[{"taxonomy":"product_brand","embeddable":true,"href":"https:\/\/staging.devseye.com\/en\/wp-json\/wp\/v2\/product_brand?post=15678"},{"taxonomy":"product_cat","embeddable":true,"href":"https:\/\/staging.devseye.com\/en\/wp-json\/wp\/v2\/product_cat?post=15678"},{"taxonomy":"product_tag","embeddable":true,"href":"https:\/\/staging.devseye.com\/en\/wp-json\/wp\/v2\/product_tag?post=15678"}],"curies":[{"name":"wp","href":"https:\/\/api.w.org\/{rel}","templated":true}]}}