{"id":15656,"date":"2020-02-24T19:57:31","date_gmt":"2020-02-24T19:57:31","guid":{"rendered":"http:\/\/leiklist.websitetest.site\/product\/import-placeholder-for-5989\/"},"modified":"2023-01-17T14:46:26","modified_gmt":"2023-01-17T14:46:26","slug":"augnharagreida","status":"publish","type":"product","link":"https:\/\/staging.devseye.com\/en\/product\/augnharagreida\/","title":{"rendered":"Augnh\u00e1ragrei\u00f0a"},"content":{"rendered":"<p>Augnh\u00e1ragrei\u00f0a\/bursti<\/p>","protected":false},"excerpt":{"rendered":"<p>Augnh\u00e1ragrei\u00f0a\/bursti<\/p>","protected":false},"featured_media":15751,"template":"","meta":[],"product_brand":[],"product_cat":[140],"product_tag":[],"class_list":{"0":"post-15656","1":"product","2":"type-product","3":"status-publish","4":"has-post-thumbnail","6":"product_cat-penslar-ahold","8":"first","9":"outofstock","10":"taxable","11":"shipping-taxable","12":"purchasable","13":"product-type-simple"},"_links":{"self":[{"href":"https:\/\/staging.devseye.com\/en\/wp-json\/wp\/v2\/product\/15656","targetHints":{"allow":["GET"]}}],"collection":[{"href":"https:\/\/staging.devseye.com\/en\/wp-json\/wp\/v2\/product"}],"about":[{"href":"https:\/\/staging.devseye.com\/en\/wp-json\/wp\/v2\/types\/product"}],"wp:featuredmedia":[{"embeddable":true,"href":"https:\/\/staging.devseye.com\/en\/wp-json\/wp\/v2\/media\/15751"}],"wp:attachment":[{"href":"https:\/\/staging.devseye.com\/en\/wp-json\/wp\/v2\/media?parent=15656"}],"wp:term":[{"taxonomy":"product_brand","embeddable":true,"href":"https:\/\/staging.devseye.com\/en\/wp-json\/wp\/v2\/product_brand?post=15656"},{"taxonomy":"product_cat","embeddable":true,"href":"https:\/\/staging.devseye.com\/en\/wp-json\/wp\/v2\/product_cat?post=15656"},{"taxonomy":"product_tag","embeddable":true,"href":"https:\/\/staging.devseye.com\/en\/wp-json\/wp\/v2\/product_tag?post=15656"}],"curies":[{"name":"wp","href":"https:\/\/api.w.org\/{rel}","templated":true}]}}