{"id":15619,"date":"2020-02-24T19:57:06","date_gmt":"2020-02-24T19:57:06","guid":{"rendered":"http:\/\/leiklist.websitetest.site\/product\/import-placeholder-for-5675\/"},"modified":"2022-08-17T12:22:37","modified_gmt":"2022-08-17T12:22:37","slug":"glimmer-harspray-fra-kryolan-75-ml","status":"publish","type":"product","link":"https:\/\/staging.devseye.com\/en\/product\/glimmer-harspray-fra-kryolan-75-ml\/","title":{"rendered":"Glimmer h\u00e1rspray fr\u00e1 Kryolan, 75 ml."},"content":{"rendered":"<p>Bl\u00e1tt, rautt og gr\u00e6nt h\u00e1rspray fr\u00e1 Kryolan, \u00ed 75 ml. br\u00fasum.<\/p>\n<p>Glimmerinu m\u00e1 \u00fa\u00f0a \u00e1 h\u00e1r, h\u00fa\u00f0 og f\u00f6t.<\/p>\n<p>\u00da\u00f0i\u00f0 litunum \u00ed h\u00e1r \u00far ca. 30 cm. fjarl\u00e6g\u00f0.<br \/>\nLitirnir n\u00e1st au\u00f0veldlega \u00far \u00f3me\u00f0h\u00f6ndlu\u00f0u h\u00e1ri me\u00f0 vatni og s\u00e1pu.<br \/>\nEf h\u00e1r hefur veri\u00f0 lita\u00f0 e\u00f0a aflita\u00f0 er r\u00e1\u00f0legt a\u00f0 gera fyrst prufu.<\/p>","protected":false},"excerpt":{"rendered":"<p>Bl\u00e1tt, rautt og gr\u00e6nt h\u00e1rspray fr\u00e1 Kryolan, \u00ed 75 ml. br\u00fasum. Glimmerinu m\u00e1 \u00fa\u00f0a \u00e1 h\u00e1r, h\u00fa\u00f0 og f\u00f6t. \u00da\u00f0i\u00f0 litunum \u00ed h\u00e1r \u00far ca. 30 cm. fjarl\u00e6g\u00f0. Litirnir n\u00e1st au\u00f0veldlega \u00far \u00f3me\u00f0h\u00f6ndlu\u00f0u h\u00e1ri me\u00f0 vatni og s\u00e1pu. Ef h\u00e1r hefur veri\u00f0 lita\u00f0 e\u00f0a aflita\u00f0 er r\u00e1\u00f0legt a\u00f0 gera fyrst prufu.<\/p>","protected":false},"featured_media":15663,"template":"","meta":[],"product_brand":[],"product_cat":[130],"product_tag":[75],"class_list":{"0":"post-15619","1":"product","2":"type-product","3":"status-publish","4":"has-post-thumbnail","6":"product_cat-litad-harspray","7":"product_tag-kryolan","9":"first","10":"instock","11":"taxable","12":"shipping-taxable","13":"purchasable","14":"product-type-variable"},"_links":{"self":[{"href":"https:\/\/staging.devseye.com\/en\/wp-json\/wp\/v2\/product\/15619","targetHints":{"allow":["GET"]}}],"collection":[{"href":"https:\/\/staging.devseye.com\/en\/wp-json\/wp\/v2\/product"}],"about":[{"href":"https:\/\/staging.devseye.com\/en\/wp-json\/wp\/v2\/types\/product"}],"wp:featuredmedia":[{"embeddable":true,"href":"https:\/\/staging.devseye.com\/en\/wp-json\/wp\/v2\/media\/15663"}],"wp:attachment":[{"href":"https:\/\/staging.devseye.com\/en\/wp-json\/wp\/v2\/media?parent=15619"}],"wp:term":[{"taxonomy":"product_brand","embeddable":true,"href":"https:\/\/staging.devseye.com\/en\/wp-json\/wp\/v2\/product_brand?post=15619"},{"taxonomy":"product_cat","embeddable":true,"href":"https:\/\/staging.devseye.com\/en\/wp-json\/wp\/v2\/product_cat?post=15619"},{"taxonomy":"product_tag","embeddable":true,"href":"https:\/\/staging.devseye.com\/en\/wp-json\/wp\/v2\/product_tag?post=15619"}],"curies":[{"name":"wp","href":"https:\/\/api.w.org\/{rel}","templated":true}]}}