{"id":15615,"date":"2020-02-24T19:57:06","date_gmt":"2020-02-24T19:57:06","guid":{"rendered":"http:\/\/leiklist.websitetest.site\/product\/import-placeholder-for-5662\/"},"modified":"2026-03-29T20:12:06","modified_gmt":"2026-03-29T20:12:06","slug":"tv-paint-stick-25-ml","status":"publish","type":"product","link":"https:\/\/staging.devseye.com\/en\/product\/tv-paint-stick-25-ml\/","title":{"rendered":"TV Paint Stick, 25 ml."},"content":{"rendered":"<p class=\"p1\">TV Paint Stick fr\u00e1 Kryolan er kremkenndur h\u00fa\u00f0far\u00f0i af bestu ger\u00f0, vel \u00feekjandi og berst vel \u00e1. Hann hentar vel fyrir leiksvi\u00f0, lj\u00f3smyndun, kvikmyndir og fl. Fjarl\u00e6gi\u00f0 far\u00f0ann me\u00f0 hreinsikremi. Vi\u00f0 seljum m\u00f6rg litan\u00famer \u00ed 25 ml. stiftum.<\/p>\n<p class=\"p1\"><a href=\"https:\/\/global.kryolan.com\/product\/tv-paint-stick\">N\u00e1nari uppl\u00fdsingar og innihaldsl\u00fdsing.<\/a><\/p>","protected":false},"excerpt":{"rendered":"<p>TV Paint Stick fr\u00e1 Kryolan er kremkenndur h\u00fa\u00f0far\u00f0i af bestu ger\u00f0, vel \u00feekjandi og berst vel \u00e1. Hann hentar vel fyrir leiksvi\u00f0, lj\u00f3smyndun, kvikmyndir og fl. Fjarl\u00e6gi\u00f0 far\u00f0ann me\u00f0 hreinsikremi. Vi\u00f0 seljum m\u00f6rg litan\u00famer \u00ed 25 ml. stiftum. N\u00e1nari uppl\u00fdsingar og innihaldsl\u00fdsing.<\/p>","protected":false},"featured_media":34696,"template":"","meta":[],"product_brand":[],"product_cat":[126,127],"product_tag":[75],"class_list":{"0":"post-15615","1":"product","2":"type-product","3":"status-publish","4":"has-post-thumbnail","6":"product_cat-andlits-likamslitir","7":"product_cat-make-up","8":"product_tag-kryolan","10":"first","11":"instock","12":"taxable","13":"shipping-taxable","14":"purchasable","15":"product-type-variable","16":"has-default-attributes"},"_links":{"self":[{"href":"https:\/\/staging.devseye.com\/en\/wp-json\/wp\/v2\/product\/15615","targetHints":{"allow":["GET"]}}],"collection":[{"href":"https:\/\/staging.devseye.com\/en\/wp-json\/wp\/v2\/product"}],"about":[{"href":"https:\/\/staging.devseye.com\/en\/wp-json\/wp\/v2\/types\/product"}],"wp:featuredmedia":[{"embeddable":true,"href":"https:\/\/staging.devseye.com\/en\/wp-json\/wp\/v2\/media\/34696"}],"wp:attachment":[{"href":"https:\/\/staging.devseye.com\/en\/wp-json\/wp\/v2\/media?parent=15615"}],"wp:term":[{"taxonomy":"product_brand","embeddable":true,"href":"https:\/\/staging.devseye.com\/en\/wp-json\/wp\/v2\/product_brand?post=15615"},{"taxonomy":"product_cat","embeddable":true,"href":"https:\/\/staging.devseye.com\/en\/wp-json\/wp\/v2\/product_cat?post=15615"},{"taxonomy":"product_tag","embeddable":true,"href":"https:\/\/staging.devseye.com\/en\/wp-json\/wp\/v2\/product_tag?post=15615"}],"curies":[{"name":"wp","href":"https:\/\/api.w.org\/{rel}","templated":true}]}}